{"id":263,"date":"2015-05-01T22:24:46","date_gmt":"2015-05-01T20:24:46","guid":{"rendered":"http:\/\/tinctorea.com\/blog\/?page_id=263"},"modified":"2018-11-10T05:10:45","modified_gmt":"2018-11-10T03:10:45","slug":"romina-gabrielli-antonio-fernandez-de-molina","status":"publish","type":"page","link":"http:\/\/tinctorea.com\/blog\/romina-gabrielli-antonio-fernandez-de-molina\/","title":{"rendered":"AUTHORS"},"content":{"rendered":"<p style=\"text-align: justify;\">ROMINA GABRIELLI *** Un nuevo concepto de ecodise\u00f1o <span style=\"color: #ffffff;\">[[Romina Gabrielli &#038; Antonio Fern\u00e1ndez de Molina]]<\/span> <\/br> Dise\u00f1adora Textil (Universidad de Buenos Aires) especializada en Fibras y Tintes Naturales. Su forma de entender nuestra relaci\u00f3n con los textiles se basa en un profundo conocimiento de las materias primas naturales (fibras y tintes); en el rescate de t\u00e9cnicas ancestrales; en sistemas ecol\u00f3gicos de obtenci\u00f3n y fijaci\u00f3n del color; en la Naturaleza como fuente de inspiraci\u00f3n; y en la experimentaci\u00f3n e investigaci\u00f3n sistem\u00e1tica como fuente de conocimiento.<\/p>\n<p>ANTONIO FERN\u00c1NDEZ DE MOLINA * Devoci\u00f3n por la sustentabilidad<\/p>\n<p style=\"text-align: justify;\">Agroec\u00f3logo y Economista Ecol\u00f3gico (Universidad de Aut\u00f3noma de Madrid), especializado en Sustentabilidad Textil. Su labor investigadora, pedag\u00f3gica y divulgativa en materia de producci\u00f3n ecol\u00f3gica, comercializaci\u00f3n justa y consumo responsable de Fibras y Tintes naturales, saludables y renovables, encuentra su acomodo en las nuevas tendencias de <i>Consumo Textil Consciente<\/i>, en una busqueda incesante de alternativas a los textiles globalizados de or\u00edgen petroq\u00faimico.<\/p>\n<p><p style=\"text-align: center;\">***<\/p>\n<p style=\"text-align: justify;\"><span style=\"color: #800080\">ROMINA GABRIELLI *** New Concept EcoDesigner<\/span><\/p>\n<p style=\"text-align: justify;\"><span style=\"color: #800080\">Textile Designer (University of Buenos Aires) specialized in Fiber and Natural Dyes, whose way of understanding our relation with textiles is based on a deep knowledge of the natural raw materials (dyes and fibres); in the rescue and update of ancestral knowledge; in the use of ecological systems to obtain and fix colors; in the Nature as a source of inspiration; and in the systematic investigation and experimentation as source of knowledge.<\/span><\/p>\n<p style=\"text-align: justify;\"><span style=\"color: #800080\">ANTONIO FERN\u00c1NDEZ DE MOLINA * Devotee of Sustainability<\/span><\/p>\n<p style=\"text-align: justify;\"><span style=\"color: #800080\">Agroecologist and Ecological Economics (Autonomous University of Madrid), specialized in Sustainable Textiles. Focused on research, education and divulgation issues on ecological production, fair trade and responsible consumption of natural, healthy and renweable dyes and fibres, as inseparable elements of a new <i>Conscious Textile Consumption<\/i> trends, in a relentless search for alternatives to the globalized textiles of petrochemical origin.<\/span><\/p>\n<p>&nbsp;<\/p>\n","protected":false},"excerpt":{"rendered":"<p>ROMINA GABRIELLI *** Un nuevo concepto de ecodise\u00f1o [[Romina Gabrielli &#038; Antonio Fern\u00e1ndez de Molina]] Dise\u00f1adora Textil (Universidad de Buenos Aires) especializada en Fibras y Tintes Naturales. Su forma de entender nuestra relaci\u00f3n con los textiles se basa en un profundo conocimiento de las materias primas naturales (fibras y tintes); en el rescate de t\u00e9cnicas [&hellip;]<\/p>\n","protected":false},"author":1,"featured_media":0,"parent":0,"menu_order":0,"comment_status":"closed","ping_status":"closed","template":"","meta":{"_exactmetrics_skip_tracking":false,"_exactmetrics_sitenote_active":false,"_exactmetrics_sitenote_note":"","_exactmetrics_sitenote_category":0,"site-sidebar-layout":"default","site-content-layout":"","ast-site-content-layout":"default","site-content-style":"default","site-sidebar-style":"default","ast-global-header-display":"","ast-banner-title-visibility":"","ast-main-header-display":"","ast-hfb-above-header-display":"","ast-hfb-below-header-display":"","ast-hfb-mobile-header-display":"","site-post-title":"","ast-breadcrumbs-content":"","ast-featured-img":"","footer-sml-layout":"","ast-disable-related-posts":"","theme-transparent-header-meta":"","adv-header-id-meta":"","stick-header-meta":"","header-above-stick-meta":"","header-main-stick-meta":"","header-below-stick-meta":"","astra-migrate-meta-layouts":"default","ast-page-background-enabled":"default","ast-page-background-meta":{"desktop":{"background-color":"var(--ast-global-color-4)","background-image":"","background-repeat":"repeat","background-position":"center center","background-size":"auto","background-attachment":"scroll","background-type":"","background-media":"","overlay-type":"","overlay-color":"","overlay-opacity":"","overlay-gradient":""},"tablet":{"background-color":"","background-image":"","background-repeat":"repeat","background-position":"center center","background-size":"auto","background-attachment":"scroll","background-type":"","background-media":"","overlay-type":"","overlay-color":"","overlay-opacity":"","overlay-gradient":""},"mobile":{"background-color":"","background-image":"","background-repeat":"repeat","background-position":"center center","background-size":"auto","background-attachment":"scroll","background-type":"","background-media":"","overlay-type":"","overlay-color":"","overlay-opacity":"","overlay-gradient":""}},"ast-content-background-meta":{"desktop":{"background-color":"var(--ast-global-color-5)","background-image":"","background-repeat":"repeat","background-position":"center center","background-size":"auto","background-attachment":"scroll","background-type":"","background-media":"","overlay-type":"","overlay-color":"","overlay-opacity":"","overlay-gradient":""},"tablet":{"background-color":"var(--ast-global-color-5)","background-image":"","background-repeat":"repeat","background-position":"center center","background-size":"auto","background-attachment":"scroll","background-type":"","background-media":"","overlay-type":"","overlay-color":"","overlay-opacity":"","overlay-gradient":""},"mobile":{"background-color":"var(--ast-global-color-5)","background-image":"","background-repeat":"repeat","background-position":"center center","background-size":"auto","background-attachment":"scroll","background-type":"","background-media":"","overlay-type":"","overlay-color":"","overlay-opacity":"","overlay-gradient":""}},"footnotes":""},"class_list":["post-263","page","type-page","status-publish","hentry"],"yoast_head":"<!-- This site is optimized with the Yoast SEO plugin v22.0 - https:\/\/yoast.com\/wordpress\/plugins\/seo\/ -->\n<title>Romina Gabrielli &amp; Antonio Fern\u00e1ndez de Molina<\/title>\n<meta name=\"description\" content=\"Romina Gabrielli &amp; Antonio Fern\u00e1ndez de Molina. Dise\u00f1adora textil * Textile designer &amp; Economista Ecol\u00f3gico-Agroec\u00f3logo * Ecological Economist-Agroec\u00f3logsit\" \/>\n<meta name=\"robots\" content=\"index, follow, max-snippet:-1, max-image-preview:large, max-video-preview:-1\" \/>\n<link rel=\"canonical\" href=\"http:\/\/tinctorea.com\/blog\/romina-gabrielli-antonio-fernandez-de-molina\/\" \/>\n<meta property=\"og:locale\" content=\"es_ES\" \/>\n<meta property=\"og:type\" content=\"article\" \/>\n<meta property=\"og:title\" content=\"Romina Gabrielli &amp; Antonio Fern\u00e1ndez de Molina\" \/>\n<meta property=\"og:description\" content=\"Romina Gabrielli &amp; Antonio Fern\u00e1ndez de Molina. Dise\u00f1adora textil * Textile designer &amp; Economista Ecol\u00f3gico-Agroec\u00f3logo * Ecological Economist-Agroec\u00f3logsit\" \/>\n<meta property=\"og:url\" content=\"http:\/\/tinctorea.com\/blog\/romina-gabrielli-antonio-fernandez-de-molina\/\" \/>\n<meta property=\"og:site_name\" content=\"El Blog de Tinctorea\" \/>\n<meta property=\"article:modified_time\" content=\"2018-11-10T03:10:45+00:00\" \/>\n<meta name=\"twitter:card\" content=\"summary_large_image\" \/>\n<meta name=\"twitter:label1\" content=\"Tiempo de lectura\" \/>\n\t<meta name=\"twitter:data1\" content=\"2 minutos\" \/>\n<script type=\"application\/ld+json\" class=\"yoast-schema-graph\">{\"@context\":\"https:\/\/schema.org\",\"@graph\":[{\"@type\":\"WebPage\",\"@id\":\"http:\/\/tinctorea.com\/blog\/romina-gabrielli-antonio-fernandez-de-molina\/\",\"url\":\"http:\/\/tinctorea.com\/blog\/romina-gabrielli-antonio-fernandez-de-molina\/\",\"name\":\"Romina Gabrielli & Antonio Fern\u00e1ndez de Molina\",\"isPartOf\":{\"@id\":\"http:\/\/tinctorea.com\/blog\/#website\"},\"datePublished\":\"2015-05-01T20:24:46+00:00\",\"dateModified\":\"2018-11-10T03:10:45+00:00\",\"description\":\"Romina Gabrielli & Antonio Fern\u00e1ndez de Molina. Dise\u00f1adora textil * Textile designer & Economista Ecol\u00f3gico-Agroec\u00f3logo * Ecological Economist-Agroec\u00f3logsit\",\"breadcrumb\":{\"@id\":\"http:\/\/tinctorea.com\/blog\/romina-gabrielli-antonio-fernandez-de-molina\/#breadcrumb\"},\"inLanguage\":\"es\",\"potentialAction\":[{\"@type\":\"ReadAction\",\"target\":[\"http:\/\/tinctorea.com\/blog\/romina-gabrielli-antonio-fernandez-de-molina\/\"]}]},{\"@type\":\"BreadcrumbList\",\"@id\":\"http:\/\/tinctorea.com\/blog\/romina-gabrielli-antonio-fernandez-de-molina\/#breadcrumb\",\"itemListElement\":[{\"@type\":\"ListItem\",\"position\":1,\"name\":\"Portada\",\"item\":\"http:\/\/tinctorea.com\/blog\/\"},{\"@type\":\"ListItem\",\"position\":2,\"name\":\"AUTHORS\"}]},{\"@type\":\"WebSite\",\"@id\":\"http:\/\/tinctorea.com\/blog\/#website\",\"url\":\"http:\/\/tinctorea.com\/blog\/\",\"name\":\"El Blog de Tinctorea\",\"description\":\"Slow Textile Concept\",\"publisher\":{\"@id\":\"http:\/\/tinctorea.com\/blog\/#organization\"},\"potentialAction\":[{\"@type\":\"SearchAction\",\"target\":{\"@type\":\"EntryPoint\",\"urlTemplate\":\"http:\/\/tinctorea.com\/blog\/?s={search_term_string}\"},\"query-input\":\"required name=search_term_string\"}],\"inLanguage\":\"es\"},{\"@type\":\"Organization\",\"@id\":\"http:\/\/tinctorea.com\/blog\/#organization\",\"name\":\"El Blog de Tinctorea\",\"url\":\"http:\/\/tinctorea.com\/blog\/\",\"logo\":{\"@type\":\"ImageObject\",\"inLanguage\":\"es\",\"@id\":\"http:\/\/tinctorea.com\/blog\/#\/schema\/logo\/image\/\",\"url\":\"http:\/\/tinctorea.com\/blog\/wp-content\/uploads\/2015\/02\/cropped-logo-completo-claim-500-1.jpg\",\"contentUrl\":\"http:\/\/tinctorea.com\/blog\/wp-content\/uploads\/2015\/02\/cropped-logo-completo-claim-500-1.jpg\",\"width\":500,\"height\":167,\"caption\":\"El Blog de Tinctorea\"},\"image\":{\"@id\":\"http:\/\/tinctorea.com\/blog\/#\/schema\/logo\/image\/\"}}]}<\/script>\n<!-- \/ Yoast SEO plugin. -->","yoast_head_json":{"title":"Romina Gabrielli & Antonio Fern\u00e1ndez de Molina","description":"Romina Gabrielli & Antonio Fern\u00e1ndez de Molina. Dise\u00f1adora textil * Textile designer & Economista Ecol\u00f3gico-Agroec\u00f3logo * Ecological Economist-Agroec\u00f3logsit","robots":{"index":"index","follow":"follow","max-snippet":"max-snippet:-1","max-image-preview":"max-image-preview:large","max-video-preview":"max-video-preview:-1"},"canonical":"http:\/\/tinctorea.com\/blog\/romina-gabrielli-antonio-fernandez-de-molina\/","og_locale":"es_ES","og_type":"article","og_title":"Romina Gabrielli & Antonio Fern\u00e1ndez de Molina","og_description":"Romina Gabrielli & Antonio Fern\u00e1ndez de Molina. Dise\u00f1adora textil * Textile designer & Economista Ecol\u00f3gico-Agroec\u00f3logo * Ecological Economist-Agroec\u00f3logsit","og_url":"http:\/\/tinctorea.com\/blog\/romina-gabrielli-antonio-fernandez-de-molina\/","og_site_name":"El Blog de Tinctorea","article_modified_time":"2018-11-10T03:10:45+00:00","twitter_card":"summary_large_image","twitter_misc":{"Tiempo de lectura":"2 minutos"},"schema":{"@context":"https:\/\/schema.org","@graph":[{"@type":"WebPage","@id":"http:\/\/tinctorea.com\/blog\/romina-gabrielli-antonio-fernandez-de-molina\/","url":"http:\/\/tinctorea.com\/blog\/romina-gabrielli-antonio-fernandez-de-molina\/","name":"Romina Gabrielli & Antonio Fern\u00e1ndez de Molina","isPartOf":{"@id":"http:\/\/tinctorea.com\/blog\/#website"},"datePublished":"2015-05-01T20:24:46+00:00","dateModified":"2018-11-10T03:10:45+00:00","description":"Romina Gabrielli & Antonio Fern\u00e1ndez de Molina. Dise\u00f1adora textil * Textile designer & Economista Ecol\u00f3gico-Agroec\u00f3logo * Ecological Economist-Agroec\u00f3logsit","breadcrumb":{"@id":"http:\/\/tinctorea.com\/blog\/romina-gabrielli-antonio-fernandez-de-molina\/#breadcrumb"},"inLanguage":"es","potentialAction":[{"@type":"ReadAction","target":["http:\/\/tinctorea.com\/blog\/romina-gabrielli-antonio-fernandez-de-molina\/"]}]},{"@type":"BreadcrumbList","@id":"http:\/\/tinctorea.com\/blog\/romina-gabrielli-antonio-fernandez-de-molina\/#breadcrumb","itemListElement":[{"@type":"ListItem","position":1,"name":"Portada","item":"http:\/\/tinctorea.com\/blog\/"},{"@type":"ListItem","position":2,"name":"AUTHORS"}]},{"@type":"WebSite","@id":"http:\/\/tinctorea.com\/blog\/#website","url":"http:\/\/tinctorea.com\/blog\/","name":"El Blog de Tinctorea","description":"Slow Textile Concept","publisher":{"@id":"http:\/\/tinctorea.com\/blog\/#organization"},"potentialAction":[{"@type":"SearchAction","target":{"@type":"EntryPoint","urlTemplate":"http:\/\/tinctorea.com\/blog\/?s={search_term_string}"},"query-input":"required name=search_term_string"}],"inLanguage":"es"},{"@type":"Organization","@id":"http:\/\/tinctorea.com\/blog\/#organization","name":"El Blog de Tinctorea","url":"http:\/\/tinctorea.com\/blog\/","logo":{"@type":"ImageObject","inLanguage":"es","@id":"http:\/\/tinctorea.com\/blog\/#\/schema\/logo\/image\/","url":"http:\/\/tinctorea.com\/blog\/wp-content\/uploads\/2015\/02\/cropped-logo-completo-claim-500-1.jpg","contentUrl":"http:\/\/tinctorea.com\/blog\/wp-content\/uploads\/2015\/02\/cropped-logo-completo-claim-500-1.jpg","width":500,"height":167,"caption":"El Blog de Tinctorea"},"image":{"@id":"http:\/\/tinctorea.com\/blog\/#\/schema\/logo\/image\/"}}]}},"_links":{"self":[{"href":"http:\/\/tinctorea.com\/blog\/wp-json\/wp\/v2\/pages\/263","targetHints":{"allow":["GET"]}}],"collection":[{"href":"http:\/\/tinctorea.com\/blog\/wp-json\/wp\/v2\/pages"}],"about":[{"href":"http:\/\/tinctorea.com\/blog\/wp-json\/wp\/v2\/types\/page"}],"author":[{"embeddable":true,"href":"http:\/\/tinctorea.com\/blog\/wp-json\/wp\/v2\/users\/1"}],"replies":[{"embeddable":true,"href":"http:\/\/tinctorea.com\/blog\/wp-json\/wp\/v2\/comments?post=263"}],"version-history":[{"count":1,"href":"http:\/\/tinctorea.com\/blog\/wp-json\/wp\/v2\/pages\/263\/revisions"}],"predecessor-version":[{"id":7438,"href":"http:\/\/tinctorea.com\/blog\/wp-json\/wp\/v2\/pages\/263\/revisions\/7438"}],"wp:attachment":[{"href":"http:\/\/tinctorea.com\/blog\/wp-json\/wp\/v2\/media?parent=263"}],"curies":[{"name":"wp","href":"https:\/\/api.w.org\/{rel}","templated":true}]}}