{"id":25,"date":"2015-05-02T20:32:10","date_gmt":"2015-05-02T18:32:10","guid":{"rendered":"http:\/\/tinctorea.com\/blog\/?page_id=25"},"modified":"2024-02-12T17:36:05","modified_gmt":"2024-02-12T15:36:05","slug":"contact-tinctorea-slow-textile-concept","status":"publish","type":"page","link":"http:\/\/tinctorea.com\/blog\/contact-tinctorea-slow-textile-concept\/","title":{"rendered":"CONTACT"},"content":{"rendered":"<div id=\"pl-25\"  class=\"panel-layout\" ><div id=\"pg-25-0\"  class=\"panel-grid panel-no-style\" ><div id=\"pgc-25-0-0\"  class=\"panel-grid-cell\" ><div id=\"panel-25-0-0-0\" class=\"so-panel widget widget_sow-headline panel-first-child panel-last-child\" data-index=\"0\" ><div\n\t\t\t\n\t\t\tclass=\"so-widget-sow-headline so-widget-sow-headline-default-545606a0b989-25\"\n\t\t\t\n\t\t><div class=\"sow-headline-container \">\n\t<h4 class='sow-headline'>Cont\u00e1ctanos<\/h4><h5 class='sow-sub-headline'>\u00a1Estaremos encantados de atenderte!<\/h5><\/div>\n<\/div><\/div><\/div><\/div><div id=\"pg-25-1\"  class=\"panel-grid panel-no-style\" ><div id=\"pgc-25-1-0\"  class=\"panel-grid-cell\" ><div id=\"panel-25-1-0-0\" class=\"so-panel widget widget_sow-headline panel-first-child panel-last-child\" data-index=\"1\" ><div\n\t\t\t\n\t\t\tclass=\"so-widget-sow-headline so-widget-sow-headline-default-749228f12bbd-25\"\n\t\t\t\n\t\t><div class=\"sow-headline-container \">\n\t<h2 class='sow-headline'>Tinct\u00f3rea<\/h2><p class='sow-sub-headline'>Valle de Soba <br \/> 39806 Cantabria <br \/> Espa\u00f1a<\/p><\/div>\n<\/div><\/div><\/div><div id=\"pgc-25-1-1\"  class=\"panel-grid-cell panel-grid-cell-empty\" ><\/div><div id=\"pgc-25-1-2\"  class=\"panel-grid-cell\" ><div id=\"panel-25-1-2-0\" class=\"so-panel widget widget_sow-image panel-first-child panel-last-child\" data-index=\"2\" ><div\n\t\t\t\n\t\t\tclass=\"so-widget-sow-image so-widget-sow-image-default-c67d20f9f743-25\"\n\t\t\t\n\t\t>\n\n<div class=\"sow-image-container\">\n\t\t<img decoding=\"async\" src=\"http:\/\/tinctorea.com\/blog\/wp-content\/uploads\/2018\/10\/contacta-escuela-tintes-nat.jpg\" width=\"500\" height=\"500\" srcset=\"http:\/\/tinctorea.com\/blog\/wp-content\/uploads\/2018\/10\/contacta-escuela-tintes-nat.jpg 500w, http:\/\/tinctorea.com\/blog\/wp-content\/uploads\/2018\/10\/contacta-escuela-tintes-nat-300x300.jpg 300w, http:\/\/tinctorea.com\/blog\/wp-content\/uploads\/2018\/10\/contacta-escuela-tintes-nat-100x100.jpg 100w, http:\/\/tinctorea.com\/blog\/wp-content\/uploads\/2018\/10\/contacta-escuela-tintes-nat-360x360.jpg 360w\" sizes=\"auto, (max-width: 500px) 100vw, 500px\" alt=\"\" loading=\"lazy\" \t\tclass=\"so-widget-image\"\/>\n\t<\/div>\n\n<\/div><\/div><\/div><div id=\"pgc-25-1-3\"  class=\"panel-grid-cell panel-grid-cell-empty\" ><\/div><div id=\"pgc-25-1-4\"  class=\"panel-grid-cell\" ><div id=\"panel-25-1-4-0\" class=\"so-panel widget widget_sow-headline panel-first-child panel-last-child\" data-index=\"3\" ><div\n\t\t\t\n\t\t\tclass=\"so-widget-sow-headline so-widget-sow-headline-default-c65faaa295d9-25\"\n\t\t\t\n\t\t><div class=\"sow-headline-container \">\n\t<h2 class='sow-headline'>Romi &amp; Ato<\/h2><p class='sow-sub-headline'>info@tinctorea.com <\/p><\/div>\n<\/div><\/div><\/div><\/div><div id=\"pg-25-2\"  class=\"panel-grid panel-no-style\" ><div id=\"pgc-25-2-0\"  class=\"panel-grid-cell panel-grid-cell-empty\" ><\/div><\/div><div id=\"pg-25-3\"  class=\"panel-grid panel-no-style\" ><div id=\"pgc-25-3-0\"  class=\"panel-grid-cell panel-grid-cell-empty\" ><\/div><div id=\"pgc-25-3-1\"  class=\"panel-grid-cell panel-grid-cell-mobile-last\" ><div id=\"panel-25-3-1-0\" class=\"so-panel widget widget_sow-headline panel-first-child panel-last-child\" data-index=\"4\" ><div\n\t\t\t\n\t\t\tclass=\"so-widget-sow-headline so-widget-sow-headline-default-207ebbd21458-25\"\n\t\t\t\n\t\t><div class=\"sow-headline-container \">\n\t<p class='sow-sub-headline'>Si quieres hacernos una consulta escr\u00edbenos a \"<b>info@tinctorea.com<\/b>\" y te responderemos a la mayor brevedad. <\/p><\/div>\n<\/div><\/div><\/div><div id=\"pgc-25-3-2\"  class=\"panel-grid-cell panel-grid-cell-empty\" ><\/div><\/div><div id=\"pg-25-4\"  class=\"panel-grid panel-no-style\" ><div id=\"pgc-25-4-0\"  class=\"panel-grid-cell\" ><div id=\"panel-25-4-0-0\" class=\"so-panel widget widget_sow-headline panel-first-child panel-last-child\" data-index=\"5\" ><div\n\t\t\t\n\t\t\tclass=\"so-widget-sow-headline so-widget-sow-headline-default-064be5e3573b-25\"\n\t\t\t\n\t\t><div class=\"sow-headline-container \">\n\t<p class='sow-sub-headline'><b>Responsable<\/b>: Te informamos que los datos personales que nos proporciones rellenando este formulario ser\u00e1n tratados por Romina V. Gabrielli Prieto como responsable de esta web. <br \/><br \/> <b>Finalidad<\/b>: Gestionar tu suscripci\u00f3n al Bolet\u00edn de Noticias {Newsletter} que recibir\u00e1s de forma peri\u00f3dica bajo criterios de <i>Comunicaci\u00f3n Responsable<\/i> con descuentos exclusivos para nuestros suscriptores, convocatorias de cursos y novedades de Romi &amp; Ato. <i>NOTA: no introducir los datos personales requeridos puede hacer que tu  solicitud no pueda ser atendida<\/i>.<br \/><br \/> <b>Legitimaci\u00f3n<\/b>: Al marcar la casilla de \u201cHe le\u00eddo y acepto la Pol\u00edtica de Privacidad\u201d das tu consentimiento para que tus datos sean tratados conforme a las finalidades de este formulario, las cuales quedan detalladas en la <a href=\"http:\/\/www.tinctorea.com\/blog\/politica-de-privacidad\/\"><u>Pol\u00edtica de Privacidad<\/u><\/a>.<br \/><br \/> <b>Destinatarios<\/b>: Los datos que facilitas quedar\u00e1n ubicados en los servidores de Mailchimp (EEUU), que es mi proveedor de email marketing y cuya <i>pol\u00edtica de privacidad<\/i> puedes consultar <a href=\"https:\/\/mailchimp.com\/legal\/privacy\/\"><u>aqu\u00ed<\/u><\/a>. Informarte que Mailchimp est\u00e1 acogido al <a href=\"https:\/\/www.privacyshield.gov\/participant?id=a2zt0000000GnH6AAK\"><u>Acuerdo EU-US Privacy Shield <\/u><\/a> aprobado por el Comit\u00e9 Europeo de Protecci\u00f3n de Datos, por lo que tus datos no se ceder\u00e1n a terceros salvo que lo autorices expresamente o por requerimiento u obligaci\u00f3n legal. <br \/><br \/> <b>Derechos<\/b>: Podr\u00e1s ejercer tus derechos de acceso y rectificaci\u00f3n de tus Datos Personales escribiendo a \u201c<b>datospersonales@tinctorea.com<\/b>\u201d, as\u00ed como tu derecho de eliminaci\u00f3n  escribiendo a <b>baja@romiato.com<\/b>\u201d (por favor manda tus mails con \u201cacuse de recibo\u201d para m\u00e1s garant\u00edas de recepci\u00f3n).<br \/><br \/> <b>Informaci\u00f3n adicional<\/b>: <a href=\"http:\/\/www.tinctorea.com\/blog\/politica-de-privacidad\/\"><u>Pol\u00edtica de Privacidad<\/u><\/a>, <a href=\"http:\/\/www.tinctorea.com\/blog\/aviso-legal\/\"><u>Aviso Legal<\/u><\/a> y <a href=\"http:\/\/www.tinctorea.com\/blog\/politica-de-cookies\/\"><u>Pol\u00edtica de Cookies<\/u><\/a>.<br \/><br \/><\/p><\/div>\n<\/div><\/div><\/div><\/div><\/div>","protected":false},"excerpt":{"rendered":"<p>Cont\u00e1ctanos\u00a1Estaremos encantados de atenderte! Tinct\u00f3reaValle de Soba 39806 Cantabria Espa\u00f1a Romi &amp; Atoinfo@tinctorea.com Si quieres hacernos una consulta escr\u00edbenos a &#8220;info@tinctorea.com&#8221; y te responderemos a la mayor brevedad. Responsable: Te informamos que los datos personales que nos proporciones rellenando este formulario ser\u00e1n tratados por Romina V. Gabrielli Prieto como responsable de esta web. Finalidad: Gestionar [&hellip;]<\/p>\n","protected":false},"author":1,"featured_media":0,"parent":0,"menu_order":1,"comment_status":"closed","ping_status":"closed","template":"","meta":{"_exactmetrics_skip_tracking":false,"_exactmetrics_sitenote_active":false,"_exactmetrics_sitenote_note":"","_exactmetrics_sitenote_category":0,"site-sidebar-layout":"default","site-content-layout":"","ast-site-content-layout":"default","site-content-style":"default","site-sidebar-style":"default","ast-global-header-display":"","ast-banner-title-visibility":"","ast-main-header-display":"","ast-hfb-above-header-display":"","ast-hfb-below-header-display":"","ast-hfb-mobile-header-display":"","site-post-title":"","ast-breadcrumbs-content":"","ast-featured-img":"","footer-sml-layout":"","ast-disable-related-posts":"","theme-transparent-header-meta":"default","adv-header-id-meta":"","stick-header-meta":"","header-above-stick-meta":"","header-main-stick-meta":"","header-below-stick-meta":"","astra-migrate-meta-layouts":"set","ast-page-background-enabled":"default","ast-page-background-meta":{"desktop":{"background-color":"var(--ast-global-color-4)","background-image":"","background-repeat":"repeat","background-position":"center center","background-size":"auto","background-attachment":"scroll","background-type":"","background-media":"","overlay-type":"","overlay-color":"","overlay-opacity":"","overlay-gradient":""},"tablet":{"background-color":"","background-image":"","background-repeat":"repeat","background-position":"center center","background-size":"auto","background-attachment":"scroll","background-type":"","background-media":"","overlay-type":"","overlay-color":"","overlay-opacity":"","overlay-gradient":""},"mobile":{"background-color":"","background-image":"","background-repeat":"repeat","background-position":"center center","background-size":"auto","background-attachment":"scroll","background-type":"","background-media":"","overlay-type":"","overlay-color":"","overlay-opacity":"","overlay-gradient":""}},"ast-content-background-meta":{"desktop":{"background-color":"var(--ast-global-color-5)","background-image":"","background-repeat":"repeat","background-position":"center center","background-size":"auto","background-attachment":"scroll","background-type":"","background-media":"","overlay-type":"","overlay-color":"","overlay-opacity":"","overlay-gradient":""},"tablet":{"background-color":"var(--ast-global-color-5)","background-image":"","background-repeat":"repeat","background-position":"center center","background-size":"auto","background-attachment":"scroll","background-type":"","background-media":"","overlay-type":"","overlay-color":"","overlay-opacity":"","overlay-gradient":""},"mobile":{"background-color":"var(--ast-global-color-5)","background-image":"","background-repeat":"repeat","background-position":"center center","background-size":"auto","background-attachment":"scroll","background-type":"","background-media":"","overlay-type":"","overlay-color":"","overlay-opacity":"","overlay-gradient":""}},"footnotes":""},"class_list":["post-25","page","type-page","status-publish","hentry"],"yoast_head":"<!-- This site is optimized with the Yoast SEO plugin v22.0 - https:\/\/yoast.com\/wordpress\/plugins\/seo\/ -->\n<title>CONTACT - El Blog de Tinctorea<\/title>\n<meta name=\"robots\" content=\"index, follow, max-snippet:-1, max-image-preview:large, max-video-preview:-1\" \/>\n<link rel=\"canonical\" href=\"http:\/\/tinctorea.com\/blog\/contact-tinctorea-slow-textile-concept\/\" \/>\n<meta property=\"og:locale\" content=\"es_ES\" \/>\n<meta property=\"og:type\" content=\"article\" \/>\n<meta property=\"og:title\" content=\"CONTACT - El Blog de Tinctorea\" \/>\n<meta property=\"og:description\" content=\"Cont\u00e1ctanos\u00a1Estaremos encantados de atenderte! Tinct\u00f3reaValle de Soba 39806 Cantabria Espa\u00f1a Romi &amp; Atoinfo@tinctorea.com Si quieres hacernos una consulta escr\u00edbenos a &quot;info@tinctorea.com&quot; y te responderemos a la mayor brevedad. Responsable: Te informamos que los datos personales que nos proporciones rellenando este formulario ser\u00e1n tratados por Romina V. Gabrielli Prieto como responsable de esta web. Finalidad: Gestionar [&hellip;]\" \/>\n<meta property=\"og:url\" content=\"http:\/\/tinctorea.com\/blog\/contact-tinctorea-slow-textile-concept\/\" \/>\n<meta property=\"og:site_name\" content=\"El Blog de Tinctorea\" \/>\n<meta property=\"article:modified_time\" content=\"2024-02-12T15:36:05+00:00\" \/>\n<meta name=\"twitter:card\" content=\"summary_large_image\" \/>\n<meta name=\"twitter:label1\" content=\"Tiempo de lectura\" \/>\n\t<meta name=\"twitter:data1\" content=\"2 minutos\" \/>\n<script type=\"application\/ld+json\" class=\"yoast-schema-graph\">{\"@context\":\"https:\/\/schema.org\",\"@graph\":[{\"@type\":\"WebPage\",\"@id\":\"http:\/\/tinctorea.com\/blog\/contact-tinctorea-slow-textile-concept\/\",\"url\":\"http:\/\/tinctorea.com\/blog\/contact-tinctorea-slow-textile-concept\/\",\"name\":\"CONTACT - El Blog de Tinctorea\",\"isPartOf\":{\"@id\":\"http:\/\/tinctorea.com\/blog\/#website\"},\"datePublished\":\"2015-05-02T18:32:10+00:00\",\"dateModified\":\"2024-02-12T15:36:05+00:00\",\"breadcrumb\":{\"@id\":\"http:\/\/tinctorea.com\/blog\/contact-tinctorea-slow-textile-concept\/#breadcrumb\"},\"inLanguage\":\"es\",\"potentialAction\":[{\"@type\":\"ReadAction\",\"target\":[\"http:\/\/tinctorea.com\/blog\/contact-tinctorea-slow-textile-concept\/\"]}]},{\"@type\":\"BreadcrumbList\",\"@id\":\"http:\/\/tinctorea.com\/blog\/contact-tinctorea-slow-textile-concept\/#breadcrumb\",\"itemListElement\":[{\"@type\":\"ListItem\",\"position\":1,\"name\":\"Portada\",\"item\":\"http:\/\/tinctorea.com\/blog\/\"},{\"@type\":\"ListItem\",\"position\":2,\"name\":\"CONTACT\"}]},{\"@type\":\"WebSite\",\"@id\":\"http:\/\/tinctorea.com\/blog\/#website\",\"url\":\"http:\/\/tinctorea.com\/blog\/\",\"name\":\"El Blog de Tinctorea\",\"description\":\"Slow Textile Concept\",\"publisher\":{\"@id\":\"http:\/\/tinctorea.com\/blog\/#organization\"},\"potentialAction\":[{\"@type\":\"SearchAction\",\"target\":{\"@type\":\"EntryPoint\",\"urlTemplate\":\"http:\/\/tinctorea.com\/blog\/?s={search_term_string}\"},\"query-input\":\"required name=search_term_string\"}],\"inLanguage\":\"es\"},{\"@type\":\"Organization\",\"@id\":\"http:\/\/tinctorea.com\/blog\/#organization\",\"name\":\"El Blog de Tinctorea\",\"url\":\"http:\/\/tinctorea.com\/blog\/\",\"logo\":{\"@type\":\"ImageObject\",\"inLanguage\":\"es\",\"@id\":\"http:\/\/tinctorea.com\/blog\/#\/schema\/logo\/image\/\",\"url\":\"http:\/\/tinctorea.com\/blog\/wp-content\/uploads\/2015\/02\/cropped-logo-completo-claim-500-1.jpg\",\"contentUrl\":\"http:\/\/tinctorea.com\/blog\/wp-content\/uploads\/2015\/02\/cropped-logo-completo-claim-500-1.jpg\",\"width\":500,\"height\":167,\"caption\":\"El Blog de Tinctorea\"},\"image\":{\"@id\":\"http:\/\/tinctorea.com\/blog\/#\/schema\/logo\/image\/\"}}]}<\/script>\n<!-- \/ Yoast SEO plugin. -->","yoast_head_json":{"title":"CONTACT - El Blog de Tinctorea","robots":{"index":"index","follow":"follow","max-snippet":"max-snippet:-1","max-image-preview":"max-image-preview:large","max-video-preview":"max-video-preview:-1"},"canonical":"http:\/\/tinctorea.com\/blog\/contact-tinctorea-slow-textile-concept\/","og_locale":"es_ES","og_type":"article","og_title":"CONTACT - El Blog de Tinctorea","og_description":"Cont\u00e1ctanos\u00a1Estaremos encantados de atenderte! Tinct\u00f3reaValle de Soba 39806 Cantabria Espa\u00f1a Romi &amp; Atoinfo@tinctorea.com Si quieres hacernos una consulta escr\u00edbenos a \"info@tinctorea.com\" y te responderemos a la mayor brevedad. Responsable: Te informamos que los datos personales que nos proporciones rellenando este formulario ser\u00e1n tratados por Romina V. Gabrielli Prieto como responsable de esta web. Finalidad: Gestionar [&hellip;]","og_url":"http:\/\/tinctorea.com\/blog\/contact-tinctorea-slow-textile-concept\/","og_site_name":"El Blog de Tinctorea","article_modified_time":"2024-02-12T15:36:05+00:00","twitter_card":"summary_large_image","twitter_misc":{"Tiempo de lectura":"2 minutos"},"schema":{"@context":"https:\/\/schema.org","@graph":[{"@type":"WebPage","@id":"http:\/\/tinctorea.com\/blog\/contact-tinctorea-slow-textile-concept\/","url":"http:\/\/tinctorea.com\/blog\/contact-tinctorea-slow-textile-concept\/","name":"CONTACT - El Blog de Tinctorea","isPartOf":{"@id":"http:\/\/tinctorea.com\/blog\/#website"},"datePublished":"2015-05-02T18:32:10+00:00","dateModified":"2024-02-12T15:36:05+00:00","breadcrumb":{"@id":"http:\/\/tinctorea.com\/blog\/contact-tinctorea-slow-textile-concept\/#breadcrumb"},"inLanguage":"es","potentialAction":[{"@type":"ReadAction","target":["http:\/\/tinctorea.com\/blog\/contact-tinctorea-slow-textile-concept\/"]}]},{"@type":"BreadcrumbList","@id":"http:\/\/tinctorea.com\/blog\/contact-tinctorea-slow-textile-concept\/#breadcrumb","itemListElement":[{"@type":"ListItem","position":1,"name":"Portada","item":"http:\/\/tinctorea.com\/blog\/"},{"@type":"ListItem","position":2,"name":"CONTACT"}]},{"@type":"WebSite","@id":"http:\/\/tinctorea.com\/blog\/#website","url":"http:\/\/tinctorea.com\/blog\/","name":"El Blog de Tinctorea","description":"Slow Textile Concept","publisher":{"@id":"http:\/\/tinctorea.com\/blog\/#organization"},"potentialAction":[{"@type":"SearchAction","target":{"@type":"EntryPoint","urlTemplate":"http:\/\/tinctorea.com\/blog\/?s={search_term_string}"},"query-input":"required name=search_term_string"}],"inLanguage":"es"},{"@type":"Organization","@id":"http:\/\/tinctorea.com\/blog\/#organization","name":"El Blog de Tinctorea","url":"http:\/\/tinctorea.com\/blog\/","logo":{"@type":"ImageObject","inLanguage":"es","@id":"http:\/\/tinctorea.com\/blog\/#\/schema\/logo\/image\/","url":"http:\/\/tinctorea.com\/blog\/wp-content\/uploads\/2015\/02\/cropped-logo-completo-claim-500-1.jpg","contentUrl":"http:\/\/tinctorea.com\/blog\/wp-content\/uploads\/2015\/02\/cropped-logo-completo-claim-500-1.jpg","width":500,"height":167,"caption":"El Blog de Tinctorea"},"image":{"@id":"http:\/\/tinctorea.com\/blog\/#\/schema\/logo\/image\/"}}]}},"_links":{"self":[{"href":"http:\/\/tinctorea.com\/blog\/wp-json\/wp\/v2\/pages\/25","targetHints":{"allow":["GET"]}}],"collection":[{"href":"http:\/\/tinctorea.com\/blog\/wp-json\/wp\/v2\/pages"}],"about":[{"href":"http:\/\/tinctorea.com\/blog\/wp-json\/wp\/v2\/types\/page"}],"author":[{"embeddable":true,"href":"http:\/\/tinctorea.com\/blog\/wp-json\/wp\/v2\/users\/1"}],"replies":[{"embeddable":true,"href":"http:\/\/tinctorea.com\/blog\/wp-json\/wp\/v2\/comments?post=25"}],"version-history":[{"count":15,"href":"http:\/\/tinctorea.com\/blog\/wp-json\/wp\/v2\/pages\/25\/revisions"}],"predecessor-version":[{"id":22967,"href":"http:\/\/tinctorea.com\/blog\/wp-json\/wp\/v2\/pages\/25\/revisions\/22967"}],"wp:attachment":[{"href":"http:\/\/tinctorea.com\/blog\/wp-json\/wp\/v2\/media?parent=25"}],"curies":[{"name":"wp","href":"https:\/\/api.w.org\/{rel}","templated":true}]}}